{"id":96,"date":"2014-10-09T19:57:05","date_gmt":"2014-10-09T17:57:05","guid":{"rendered":"http:\/\/tocky.de\/?page_id=96"},"modified":"2014-10-09T19:59:26","modified_gmt":"2014-10-09T17:59:26","slug":"impressum","status":"publish","type":"page","link":"http:\/\/tocky.de\/?page_id=96","title":{"rendered":"Impressum"},"content":{"rendered":"<h1 class=\"Stil1\" style=\"text-align: center;\"><span style=\"color: #ff0000;\">Anbieterkennzeichnung und Impressumspflicht<\/span><\/h1>\n<p class=\"Stil1\" align=\"center\"><span class=\"Stil2\">Wer auf seiner Homepage eigene Inhalte zur Nutzung bereith\u00e4lt, ist f\u00fcr diese nach den allgemeinen rechtlichen Grunds\u00e4tzen verantwortlich. Das gilt ebenso f\u00fcr den Betreiber einer privaten Homepage wie f\u00fcr die Anbieter kommerzieller Inhalte. Auch spielt es keine Rolle, ob die Homepage auf einem eigenen Server oder auf einem fremden Server zum Abruf bereitgehalten wird.<\/span><\/p>\n<p>Anbieter redaktioneller Inhalte, die zur \u00f6ffentlichen Meinungsbildung beitragen k\u00f6nnen(&#8222;Mediendienste&#8220;), ben\u00f6tigen gem\u00e4\u00df Medienstaatsvertrag (\u00a76 MDStV) ein sogenanntes &#8222;Impressum&#8220;, Anbieter von Waren oder Dienstleistungen eine sog. &#8222;Anbieterkennzeichnung&#8220; gem\u00e4\u00df Teledienstgesetz (\u00a76 TDG). Nur bei Homepages, die einen Teledienst darstellen (z.B. Familien- oder Hobbyseiten), entf\u00e4llt die Kennzeichnungspflicht.<\/p>\n<p>In den ersten beiden F\u00e4llen muss der Name eines Verantwortlichen und die vollst\u00e4ndige Postanschrift angegeben werden. Die Kennzeichnung selbst muss nicht auf der Haupt-Indexseite erfolgen, sie kann auch unter einem deutlich sichtbaren Men\u00fcpunkt, etwa unter dem Begriff &#8222;Kontakt&#8220;, &#8222;Info&#8220;, &#8222;\u00dcber uns&#8220; oder &#8222;Impressum&#8220; auf der Website enthalten sein. Diese Anbieterkennzeichnung kann auch innerhalb eines Flie\u00dftextes erfolgen. Es ist nicht vorgeschrieben, dient aber dem besseren Auffinden, wenn die Kennzeichnung an zentraler Stelle positioniert wird.<\/p>\n<p>Um rechtliche Konsequenzen zu vermeiden, sollten Sie Ihre private Homepage mit Namen und vollst\u00e4ndiger Anschrift kennzeichnen. Die Angabe von Telefon- und Faxnummern ist vom Gesetz her nicht gefordert, sondern freiwillig.<\/p>\n<p class=\"Stil1\" align=\"center\">(Alle Angaben sind ohne Gew\u00e4hr)<\/p>\n<p class=\"Stil3\" align=\"center\">Quelle : Arcor.de<\/p>\n<h1 class=\"Stil1\" align=\"center\">Rechtliches<\/h1>\n<p class=\"Stil4\" align=\"center\">Bitte daf\u00fcr unbedingt den <a href=\"https:\/\/webftp.all-inkl.com\/disclaimer1.html\">Haftungsausschluss (Disclaimer lesen)<\/a><\/p>\n<h2 class=\"Stil1\" align=\"center\"><span style=\"color: #ff0000;\">Das eigentliche Impressum<\/span><\/h2>\n<p class=\"Stil5\" align=\"center\">Thomas Heintel<\/p>\n<p class=\"Stil5\" align=\"center\">Bremen<\/p>\n<p class=\"Stil5\" align=\"center\">Dies ist eine rein private Homepage<\/p>\n<p class=\"Stil5\" align=\"center\"><a href=\"mailto:webmaster@tocky.de\">webmaster@tocky.de<\/a><\/p>\n<p class=\"Stil6\" align=\"center\">Zus\u00e4tzlich zum Haftungsausschluss distanziere ich mich hiermit noch einmal ausdr\u00fccklich vom Inhalt aller gelinkten Seiten auf dieser Homepage und mache mir deren Inhalte\u00a0 nicht zu eigen. Diese Erkl\u00e4rung gilt f\u00fcr alle auf unserer Homepage ausgebrachten Links<\/p>\n<p class=\"Stil6\" align=\"center\">Ich \u00fcbernehme keinerlei Haftung f\u00fcr Sch\u00e4den die durch den Aufruf meiner Seiten und \/oder die Verwendung der darin enthaltenen Daten entstehen (egal zu welchem Zweck und \/ oder in welcher Form). Ich \u00fcbernehme keine Haftung f\u00fcr die Richtigkeit der Angaben und eventuell enthaltene Fehler auf diesen Seiten<\/p>\n","protected":false},"excerpt":{"rendered":"<p>Anbieterkennzeichnung und Impressumspflicht Wer auf seiner Homepage eigene Inhalte zur Nutzung bereith\u00e4lt, ist f\u00fcr diese nach den allgemeinen rechtlichen Grunds\u00e4tzen verantwortlich. Das gilt ebenso f\u00fcr den Betreiber einer privaten Homepage wie f\u00fcr die Anbieter kommerzieller Inhalte. Auch spielt es keine Rolle, ob die Homepage auf einem eigenen Server oder auf einem fremden Server zum Abruf [&hellip;]<\/p>\n","protected":false},"author":1,"featured_media":0,"parent":0,"menu_order":0,"comment_status":"closed","ping_status":"closed","template":"","meta":{"footnotes":""},"class_list":["post-96","page","type-page","status-publish","hentry"],"_links":{"self":[{"href":"http:\/\/tocky.de\/index.php?rest_route=\/wp\/v2\/pages\/96","targetHints":{"allow":["GET"]}}],"collection":[{"href":"http:\/\/tocky.de\/index.php?rest_route=\/wp\/v2\/pages"}],"about":[{"href":"http:\/\/tocky.de\/index.php?rest_route=\/wp\/v2\/types\/page"}],"author":[{"embeddable":true,"href":"http:\/\/tocky.de\/index.php?rest_route=\/wp\/v2\/users\/1"}],"replies":[{"embeddable":true,"href":"http:\/\/tocky.de\/index.php?rest_route=%2Fwp%2Fv2%2Fcomments&post=96"}],"version-history":[{"count":3,"href":"http:\/\/tocky.de\/index.php?rest_route=\/wp\/v2\/pages\/96\/revisions"}],"predecessor-version":[{"id":107,"href":"http:\/\/tocky.de\/index.php?rest_route=\/wp\/v2\/pages\/96\/revisions\/107"}],"wp:attachment":[{"href":"http:\/\/tocky.de\/index.php?rest_route=%2Fwp%2Fv2%2Fmedia&parent=96"}],"curies":[{"name":"wp","href":"https:\/\/api.w.org\/{rel}","templated":true}]}}