{"id":86,"date":"2014-10-09T19:18:54","date_gmt":"2014-10-09T17:18:54","guid":{"rendered":"http:\/\/tocky.de\/?page_id=86"},"modified":"2014-10-10T16:07:33","modified_gmt":"2014-10-10T14:07:33","slug":"ueber-mich-ueber-uns","status":"publish","type":"page","link":"http:\/\/tocky.de\/?page_id=86","title":{"rendered":"\u00dcber mich + \u00dcber uns"},"content":{"rendered":"<p class=\"Stil1\" style=\"text-align: center;\">Zuerst sollte wohl die brennendste Frage gekl\u00e4rt werden &#8212; Was bedeutet der Name &#8220; <span class=\"Stil4\">Tocky<\/span>&#8220; ?<\/p>\n<p class=\"Stil1\" style=\"text-align: center;\">Naja, es gabe eine Zeit, da musste ich den heimischen Schreibtisch verlassen, weil ich unbedingt zu Nicky nach Berlin wollte. Gesagt, getan . Ich also in Berlin. Abends im Chat kam dann prompt die Frage der anderen Chatter warum denn der Tommi nicht online sei. Als Nicky dann die Antwort gab, &#8222;..der Tommi ist bei mir in Berlin..&#8220; , wurden prompt die Nick\u00b4s tommi_germany und nicky2704 zusammengefasst in Tocky . So erkl\u00e4rt sich auch der Name unserer gemeinsammen Homepage.<\/p>\n<p class=\"Stil1\" style=\"text-align: center;\">Ok, nun fragen sich einige wieder : &#8222;Chat ? Berlin ? H\u00e4hhhh? verstehe nur Bahnhof &#8220; Ok, dann wollen wir diese Fragen mal beantworten und erz\u00e4hlen<span class=\"Stil4\"> wie alles begann.<\/span><\/p>\n<h3 class=\"Stil5\" style=\"text-align: center;\">Aus Tommis Sicht :<\/h3>\n<p class=\"Stil1\" style=\"text-align: center;\">Kennengelernt haben wir uns im Lycoschatraum &#8222;Formel1&#8220;. Eigenartiger weise war ich seit Jahren das Erstemal wieder in diesem Chat, obwohl ich diesem eigentlich den R\u00fccken gekehrt hatte. Ich streifte so durch die Chatr\u00e4ume und stiess dann in den &#8222;Formel1&#8220; &#8211; Raum. In diesem befanden sich nur zwei Chatter, die mich aber, obwohl ich ihnen fremd war, sofort herrzlich begr\u00fcssten, was ich aus den anderen R\u00e4umen nicht kannte. Sofort bekam ich Anschluss und erkl\u00e4rte diesen Raum zu meinem Stammraum. Ungef\u00e4hr zur gleichen Zeit bekam Nicky ihren Computer und eine Bekannte erz\u00e4hlte ihr, das sie doch unbedingt mal in den Chat gehen soll. Nach anf\u00e4nglichen Z\u00f6gern, tat sie es denn auch. Auch Nicky st\u00f6berte durch die Chatr\u00e4ume und stiess dabei auf einen besonderen Raum. &#8222;Mensch, ich als Formel1 Fan und ein Formel1 Chatraum, da schau ich mal rein.&#8220; Zu diesem Zeitpunkt waren wir wieder nur zu dritt in diesem Raum vertreten als Nicky diesen betrat. Und wie es sich so geh\u00f6rte, wurde auch sie freundlich begr\u00fcsst und dachte wohl das gleiche wie ich am Anfang. Nette Begr\u00fcssung, Formel1 &#8211; hier bleibe ich mal. So kam man ins Gespr\u00e4ch. Ich kam zu diesem Zeitpunkt nie auf die Idee, sie mal per Privatnachricht anzusprechen, im Gegenteil, eher habe ich die Vermutung gehabt, ne Frau im Formel1 Raum, das ist bestimmt ein Fake. Ok, lassen wir mal so laufen. Nun war da noch ein kleines Problem, jeder der den Chat kennt, weiss das man dort auch spezielle Handlungen durchf\u00fchren kann mit anderen Chattern. So kann man diese knuddeln, knutschen, liebhaben usw. Naja, da waren ja noch die beiden anderen Chatter im Raum, ein Mann und eine Frau und die fingen pl\u00f6tzlich an, sich diese Handlungen an den Kopf zu werfen und ich kam mir etwas verloren vor, worauf ich dann die Frage stellte: &#8220; Und mit wem Knuddel ich jetzt ?&#8220; obwohl ich ja so sch\u00fcchtern bin, entschloss ich mich doch tats\u00e4chlich zu sagen &#8220; Ok, dann knuddel ich halt mit Nicky&#8220; Obwohl ich sie nicht kannte, warf ich ihr todesmutig die ersten Handlungen entgegen. Ich m\u00f6chte gerne wissen, was sie wohl zu diesem Zeitpunkt gedacht hatte ? So verlief der erste Chatabend mit Nicky in einer Reihe von vielen, die immer mehr in Richtung Chatn\u00e4chte gingen und nicht mehr Chatabende.<\/p>\n<p class=\"Stil1\" style=\"text-align: center;\">Aber eines hatte mich immer noch beunruhigt, denn sie hatte kein Bild von sich im Profil und wollte auch keines reinstellen *Gr\u00fcbel &#8211; doch nen Fake ? * Naja, irgendwie habe ich es denn doch geschafft, das sie ein Bild von sich ins Profil gesetzt hat. Aber so misstrauisch, wie ich nun mal war, Bilder kann ich \u00fcberall im Netz finden. Wie schon gesagt, so wurden dann die Chatabende zu Chatn\u00e4chten und meine Gef\u00fchle zu ihr wurden immer st\u00e4rker. Nanu, sollte ich mich etwa verliebt haben ? Eine Internetliebe von der ich bisher immer ausgegangen bin, das gibt es nicht ? Doch so war es, ich hatte mich verliebt und was folgte war eine lange Mail an Nicky in der ich ihr meine Gef\u00fchle offenbarte. Da sie mich ja nur von einem Bild her kannte, machte ich ihr den Vorschlag meine Webcam einzuschalten, damit sie sehen konnte, wie ich in Wirklichkeit und live aussah, denn Fotos k\u00f6nnen manchmal gewaltig t\u00e4uschen *sorry Hustenanfall , r\u00e4usper r\u00e4usper * Das Echo von ihr war erstmal ern\u00fcchternd was ich ihr nicht verdenken konnte *grins* Doch es kam eine Gegenreaktion mit der ich nicht gerechnet hatte. Sie kaufte sich eine Webcam &#8211; was dachtet ihr denn jetzt ? &#8211; So durfte auch ich sie endlich Live und in Farbe sehen, ok halbwegs denn am Anfang wollte die Webcam das Bild nicht so \u00fcbertragen wie ich es gerne h\u00e4tte. Aber wisst ihr was ? Jetzt wusste ich, das sie kein Fake war und mein Herz schlug zu dem Zeitpunkt da, wo es eigentlich nicht schlagen sollte&#8230;. in meiner Lunge. Da war der Bann gebrochen und es gab kein halten mehr. Die Gespr\u00e4che wurden immer intensiver und man erkannte, dass man die selben Interessen und auch die selben Probleme hatte, obwohl ich ihr zu diesem Zeitpunkt verschwiegen hatte, welche Probleme ich hatte. Ich stand in einer schon kaputten Beziehung, was ich verschwieg um Nicky nicht gleich wieder zu verlieren. Man soll nicht l\u00fcgen und ehrlich gesagt, weiss ich bis heute nicht so richtig ob in dem Fall gut war oder ob ich es schon am Anfang h\u00e4tte erz\u00e4hlen sollen. Nun gut, eines Tages hatte ich ein gewaltiges Problem, Nicky wollte mich besuchen kommen. Ohje, meine Wohnung in Hamburg war nicht mehr und in Bremen war ja noch meine Ex-Freundin. Dickes Problem, aber das kommt davon, wenn man nicht von Anfang an die Wahrheit sagt. Ok, Tommi ja nicht auf den Kopf gefallen *grins* : &#8222;Nicky du kommst nicht zu mir, ich komme nach Berlin&#8220; &#8211; dieser Vorschlag war meine Rettung und wurde auch angenommen. Es war ende Mai, als ich dann in Berlin Bahnhof Zoo ankam. Ein wahnsinniges Wetter, mit Temperaturen weit \u00fcber 30 Grad. Ich stieg also aus dem Zug (wie es halt so ist, der letzte Wagon zweier hintereinander gekoppelten ICE\u00b4S und stand da nun. Wo ist Nicky die ich nur von der Webcam her kannte ? Ein riesen Gedr\u00e4nge auf dem Bahngleis und absolut kein Durchblick. Was nun ? Ok ich also erstmal von einem zum anderen Zugende gelaufen (knapp 300m) und keine Spur von Nicky. Aber Tommi hat ja ein Handy- denkste, als ich in meinem Koffer w\u00fchlte, fand ich alles nur das Handy nicht &#8211; super. Ok, ich also zur\u00fcckgelaufen und sah pl\u00f6tzlich eine junge Dame die einen Kinderwagen vor sich herschob und ziemlich suchend aussah. Ich sah sie nur von hinten aber die blonden Haare und der Kinderwagen, das musste sie sein. Problem dabei, sie lief mir nicht entgegen, sondern von mir weg *grrr* Ich also schweren Koffer geschleppt und hinter ihr her. Endlich eingeholt, tippte ich ihr auf die Schulter, sie drehte sich um und dann &#8230;&#8230;&#8230;&#8230;&#8230;&#8230;&#8230;&#8230;&#8230;&#8230;&#8230;&#8230;.ja und dann wusste ich auch nicht so richtig weiter. Sch\u00fcchternheit eben. Was machste jetzt ? \u00dcber Messi haben wir uns oft genug schon gesagt : &#8220; Ich liebe Dich&#8220; aber nun ? Im realen Leben ? Nagut, f\u00fcr ein Hallo und eine freundschaftliche Umarmung hat es dann doch gelangt. Auf dem Weg zu ihrer Wohnung, war ich wohl derjenige, der ordentlich Quasselwasser getrunken hatte. Obwohl ich sonst immer sehr zur\u00fcckhaltend bin. M\u00fcssen die Hormone gewesen sein. Aber das legte sich dann wieder, als wir bei ihr in der Wohnung waren. Da kam denn die Zur\u00fcckhaltung und die Sch\u00fcchternheit bei beiden zutage und es war alles doch etwas verkrampft. Am Abend wurde beschlossen , eine Stadtrundfahrt zu machen wo Nicky mir die wichtigsten Stellen zeigen wollte, die man bei einem Berlinbesuch sehen muss. Temperatur um 21:30 weit an die 30 Grad. So ging es zum Brandenburger Tor, zum Reichstag, wo ich dann erstmal unter einer Sprinkleranlage geduscht habe. (Mir war halt verdammt warm) Komisch das man, wenns dunkel ist, immer lockerer wird. Naja, auf der R\u00fccktour mussten wir auf halber Strecke beim russischen Ehrenmal eine Pause einlegen, weil Nicky nicht mehr laufen konnte. Sie setzte sich auf die Treppe und sagte : &#8220; Du kannst dir das gerne anschauhen, ich kann nicht mehr &#8220; Aber da es schon auf Mitternacht zuging und alles so duster war, wollte ich dann auch nicht mehr. *grins* Wir sassen auf der Treppe und unterhielten uns \u00fcber dieses und jenes. Ja bis dann pl\u00f6tzlich die Polizei vor uns anhielt und jemand ausstieg und auf uns zusteuerte. So dachte ich, Ausweiskontrolle und Platzverweis. Denkste, der L\u00fcmmel ging ohne zu gr\u00fcssen an uns vorbei um zu schauen, ob das Denkmal wohl noch steht. Puhh, gl\u00fcck gehabt, er verschwand wieder und da sassen wir nun. Tja, irgendwie hatte ich das Gef\u00fchl im Bauch , ihr wisst schon und war am \u00fcberlegen, ob ich Nicky jetzt k\u00fcssen sollte. Ne, getraut habe ich mich dann doch nicht, ich nahm sie an die Hand und wir gingen Hand in Hand zum Auto zur\u00fcck. Das war der Anfang einer Beziehung. Zuhause angekommen, wurde geduscht, noch ein wenig erz\u00e4hlt und dann beschlossen, ins Bett zu gehen. Und als wir dann im Bett lagen, hatte ich pl\u00f6tzlich wieder dieses Bauchgef\u00fchl- es war dunkel und dieses mal habe ich mich auch getraut sie zu k\u00fcssen. Ok, der zweite Kuss hat gesessen, der Erste ging leider auf ihre Nase, weil es war ja dunkel im Zimmer. Geschlafen haben wir wohl nicht lange in dieser Nacht aber Einzelheiten gehen euch nix an *grins* . So sind wir zusammengekommen und sind seit Mai 2005 ein Paar &#8211; Schnuffi ich liebe Dich !!<\/p>\n","protected":false},"excerpt":{"rendered":"<p>Zuerst sollte wohl die brennendste Frage gekl\u00e4rt werden &#8212; Was bedeutet der Name &#8220; Tocky&#8220; ? Naja, es gabe eine Zeit, da musste ich den heimischen Schreibtisch verlassen, weil ich unbedingt zu Nicky nach Berlin wollte. Gesagt, getan . Ich also in Berlin. Abends im Chat kam dann prompt die Frage der anderen Chatter warum [&hellip;]<\/p>\n","protected":false},"author":1,"featured_media":0,"parent":0,"menu_order":0,"comment_status":"closed","ping_status":"closed","template":"","meta":{"footnotes":""},"class_list":["post-86","page","type-page","status-publish","hentry"],"_links":{"self":[{"href":"http:\/\/tocky.de\/index.php?rest_route=\/wp\/v2\/pages\/86","targetHints":{"allow":["GET"]}}],"collection":[{"href":"http:\/\/tocky.de\/index.php?rest_route=\/wp\/v2\/pages"}],"about":[{"href":"http:\/\/tocky.de\/index.php?rest_route=\/wp\/v2\/types\/page"}],"author":[{"embeddable":true,"href":"http:\/\/tocky.de\/index.php?rest_route=\/wp\/v2\/users\/1"}],"replies":[{"embeddable":true,"href":"http:\/\/tocky.de\/index.php?rest_route=%2Fwp%2Fv2%2Fcomments&post=86"}],"version-history":[{"count":3,"href":"http:\/\/tocky.de\/index.php?rest_route=\/wp\/v2\/pages\/86\/revisions"}],"predecessor-version":[{"id":145,"href":"http:\/\/tocky.de\/index.php?rest_route=\/wp\/v2\/pages\/86\/revisions\/145"}],"wp:attachment":[{"href":"http:\/\/tocky.de\/index.php?rest_route=%2Fwp%2Fv2%2Fmedia&parent=86"}],"curies":[{"name":"wp","href":"https:\/\/api.w.org\/{rel}","templated":true}]}}