{"id":198,"date":"2014-10-11T16:23:42","date_gmt":"2014-10-11T14:23:42","guid":{"rendered":"http:\/\/tocky.de\/?page_id=198"},"modified":"2014-10-12T16:32:06","modified_gmt":"2014-10-12T14:32:06","slug":"shooting","status":"publish","type":"page","link":"http:\/\/tocky.de\/?page_id=198","title":{"rendered":"Shooting"},"content":{"rendered":"<h2 style=\"text-align: center;\"><span style=\"color: #339966;\">Bin immer auf der Suche nach Personen, die Spa\u00df daran haben, fotografiert zu werden<\/span><\/h2>\n<p style=\"text-align: center;\">Ich shoote ausschlie\u00dflich mit Vertrag auf TFP Basis<\/p>\n<p style=\"text-align: center;\">Die Shootings k\u00f6nnen sowohl Outdoor wie auch on Location stattfinden<\/p>\n","protected":false},"excerpt":{"rendered":"<p>Bin immer auf der Suche nach Personen, die Spa\u00df daran haben, fotografiert zu werden Ich shoote ausschlie\u00dflich mit Vertrag auf TFP Basis Die Shootings k\u00f6nnen sowohl Outdoor wie auch on Location stattfinden<\/p>\n","protected":false},"author":1,"featured_media":0,"parent":0,"menu_order":0,"comment_status":"closed","ping_status":"closed","template":"","meta":{"footnotes":""},"class_list":["post-198","page","type-page","status-publish","hentry"],"_links":{"self":[{"href":"http:\/\/tocky.de\/index.php?rest_route=\/wp\/v2\/pages\/198","targetHints":{"allow":["GET"]}}],"collection":[{"href":"http:\/\/tocky.de\/index.php?rest_route=\/wp\/v2\/pages"}],"about":[{"href":"http:\/\/tocky.de\/index.php?rest_route=\/wp\/v2\/types\/page"}],"author":[{"embeddable":true,"href":"http:\/\/tocky.de\/index.php?rest_route=\/wp\/v2\/users\/1"}],"replies":[{"embeddable":true,"href":"http:\/\/tocky.de\/index.php?rest_route=%2Fwp%2Fv2%2Fcomments&post=198"}],"version-history":[{"count":3,"href":"http:\/\/tocky.de\/index.php?rest_route=\/wp\/v2\/pages\/198\/revisions"}],"predecessor-version":[{"id":203,"href":"http:\/\/tocky.de\/index.php?rest_route=\/wp\/v2\/pages\/198\/revisions\/203"}],"wp:attachment":[{"href":"http:\/\/tocky.de\/index.php?rest_route=%2Fwp%2Fv2%2Fmedia&parent=198"}],"curies":[{"name":"wp","href":"https:\/\/api.w.org\/{rel}","templated":true}]}}